{"id":8868,"date":"2023-01-04T08:24:59","date_gmt":"2023-01-04T06:24:59","guid":{"rendered":"https:\/\/vitakoolitus.ee\/ettevottest\/"},"modified":"2023-01-04T17:28:23","modified_gmt":"2023-01-04T15:28:23","slug":"ettevottest","status":"publish","type":"page","link":"https:\/\/vitakoolitus.ee\/ru\/ettevottest\/","title":{"rendered":"\u041e \u043d\u0430\u0441"},"content":{"rendered":"\t\t<div data-elementor-type=\"wp-page\" data-elementor-id=\"8868\" class=\"elementor elementor-8868\" data-elementor-post-type=\"page\">\n\t\t\t\t\t\t\t<div class=\"elementor-element elementor-element-f959a60 e-flex e-con-boxed e-con\" data-id=\"f959a60\" data-element_type=\"container\" data-settings=\"{&quot;content_width&quot;:&quot;boxed&quot;}\">\n\t\t\t\t\t<div class=\"e-con-inner\">\n\t\t<div class=\"elementor-element elementor-element-54042b4 e-flex e-con-boxed e-con\" data-id=\"54042b4\" data-element_type=\"container\" data-settings=\"{&quot;content_width&quot;:&quot;boxed&quot;}\">\n\t\t\t\t\t<div class=\"e-con-inner\">\n\t\t\t\t<div class=\"elementor-element elementor-element-49e8e51 elementor-widget elementor-widget-menu-anchor\" data-id=\"49e8e51\" data-element_type=\"widget\" data-widget_type=\"menu-anchor.default\">\n\t\t\t\t<div class=\"elementor-widget-container\">\n\t\t\t<style>\/*! elementor - v3.14.0 - 26-06-2023 *\/\nbody.elementor-page .elementor-widget-menu-anchor{margin-bottom:0}<\/style>\t\t<div id=\"httpsvitaverbaeeettevottestkoolitajad\" class=\"elementor-menu-anchor\"><\/div>\n\t\t\t\t<\/div>\n\t\t\t\t<\/div>\n\t\t\t\t<div class=\"elementor-element elementor-element-799a660 elementor-widget elementor-widget-edubin-section-1-addons\" data-id=\"799a660\" data-element_type=\"widget\" data-widget_type=\"edubin-section-1-addons.default\">\n\t\t\t\t<div class=\"elementor-widget-container\">\n\t\t\t\n    <div class=\"edubin-section-addon-1\">\n        <svg \n        xmlns=\"http:\/\/www.w3.org\/2000\/svg\"\n        xmlns:xlink=\"http:\/\/www.w3.org\/1999\/xlink\"\n        width=\"263px\" height=\"206px\">\n        <path fill-rule=\"evenodd\"   fill=\"#ff1949\"         d=\"M263.000,-0.001 L-0.000,-0.001 L-0.000,205.999 L263.000,-0.001 Z\"\/>\n    <\/svg>\n            <div class=\"front-image-1\">\n            <img decoding=\"async\" src=\"https:\/\/vitakoolitus.ee\/wp-content\/uploads\/2022\/12\/NTS03878_resize.jpg\" title=\"NTS03878_resize\" alt=\"NTS03878_resize\" loading=\"lazy\" \/>        <\/div>\n                <div class=\"front-image-2\">\n            <img decoding=\"async\" src=\"https:\/\/vitakoolitus.ee\/wp-content\/uploads\/2023\/01\/nts02520_resize.jpg\" title=\"NTS02520_resize\" alt=\"NTS02520_resize\" loading=\"lazy\" \/>        <\/div>\n    <\/div>\n\n\t\t<\/div>\n\t\t\t\t<\/div>\n\t\t\t\t\t<\/div>\n\t\t\t\t<\/div>\n\t\t<div class=\"elementor-element elementor-element-a2fe1a1 e-con-full e-flex e-con\" data-id=\"a2fe1a1\" data-element_type=\"container\" data-settings=\"{&quot;content_width&quot;:&quot;full&quot;}\">\n\t\t\t\t<div class=\"elementor-element elementor-element-178e999 elementor-widget elementor-widget-heading\" data-id=\"178e999\" data-element_type=\"widget\" data-widget_type=\"heading.default\">\n\t\t\t\t<div class=\"elementor-widget-container\">\n\t\t\t<style>\/*! elementor - v3.14.0 - 26-06-2023 *\/\n.elementor-heading-title{padding:0;margin:0;line-height:1}.elementor-widget-heading .elementor-heading-title[class*=elementor-size-]>a{color:inherit;font-size:inherit;line-height:inherit}.elementor-widget-heading .elementor-heading-title.elementor-size-small{font-size:15px}.elementor-widget-heading .elementor-heading-title.elementor-size-medium{font-size:19px}.elementor-widget-heading .elementor-heading-title.elementor-size-large{font-size:29px}.elementor-widget-heading .elementor-heading-title.elementor-size-xl{font-size:39px}.elementor-widget-heading .elementor-heading-title.elementor-size-xxl{font-size:59px}<\/style><h2 class=\"elementor-heading-title elementor-size-default\">\u041d\u0410\u0428\u0418 \u0421\u041e\u0422\u0420\u0423\u0414\u041d\u0418\u041a\u0418<\/h2>\t\t<\/div>\n\t\t\t\t<\/div>\n\t\t\t\t<div class=\"elementor-element elementor-element-3163068 elementor-widget elementor-widget-text-editor\" data-id=\"3163068\" data-element_type=\"widget\" data-widget_type=\"text-editor.default\">\n\t\t\t\t<div class=\"elementor-widget-container\">\n\t\t\t<style>\/*! elementor - v3.14.0 - 26-06-2023 *\/\n.elementor-widget-text-editor.elementor-drop-cap-view-stacked .elementor-drop-cap{background-color:#69727d;color:#fff}.elementor-widget-text-editor.elementor-drop-cap-view-framed .elementor-drop-cap{color:#69727d;border:3px solid;background-color:transparent}.elementor-widget-text-editor:not(.elementor-drop-cap-view-default) .elementor-drop-cap{margin-top:8px}.elementor-widget-text-editor:not(.elementor-drop-cap-view-default) .elementor-drop-cap-letter{width:1em;height:1em}.elementor-widget-text-editor .elementor-drop-cap{float:left;text-align:center;line-height:1;font-size:50px}.elementor-widget-text-editor .elementor-drop-cap-letter{display:inline-block}<\/style>\t\t\t\t<p>\u0421\u0432\u043e\u0438\u043c\u0438 \u0437\u043d\u0430\u043d\u0438\u044f\u043c\u0438 \u0438 \u043e\u043f\u044b\u0442\u043e\u043c \u0440\u0430\u0431\u043e\u0442\u044b \u0441 \u0432\u0430\u043c\u0438 \u043f\u043e\u0434\u0435\u043b\u044f\u0442\u0441\u044f \u043a\u0432\u0430\u043b\u0438\u0444\u0438\u0446\u0438\u0440\u043e\u0432\u0430\u043d\u043d\u044b\u0435 \u0441\u043f\u0435\u0446\u0438\u0430\u043b\u0438\u0441\u0442\u044b \u0441 \u0432\u044b\u0441\u0448\u0438\u043c \u043e\u0431\u0440\u0430\u0437\u043e\u0432\u0430\u043d\u0438\u0435\u043c, \u0438\u043c\u0435\u044e\u0449\u0438\u0435 \u0431\u043e\u043b\u044c\u0448\u043e\u0439 \u043e\u043f\u044b\u0442 \u0440\u0430\u0431\u043e\u0442\u044b \u0432 \u043e\u0431\u043b\u0430\u0441\u0442\u0438 \u043c\u0435\u0434\u0438\u0446\u0438\u043d\u044b \u043d\u0435\u043e\u0442\u043b\u043e\u0436\u043d\u044b\u0445 \u0441\u043e\u0441\u0442\u043e\u044f\u043d\u0438\u0439 \u0438 \u0438\u043c\u0435\u044e\u0449\u0438\u0435 \u043f\u0435\u0434\u0430\u0433\u043e\u0433\u0438\u0447\u0435\u0441\u043a\u0438\u0439 \u0438 \u0430\u043d\u0434\u0440\u0430\u0433\u043e\u0433\u0438\u0447\u0435\u0441\u043a\u0438\u0439 \u043e\u043f\u044b\u0442 \u043f\u0440\u0435\u043f\u043e\u0434\u0430\u0432\u0430\u043d\u0438\u044f.<\/p>\n<p>\u0423\u0447\u0438\u0442\u0435\u043b\u044f \u043f\u043e \u043e\u043a\u0430\u0437\u0430\u043d\u0438\u044e \u043f\u0435\u0440\u0432\u043e\u0439 \u043f\u043e\u043c\u043e\u0449\u0438 \u0437\u0430\u0440\u0435\u0433\u0438\u0441\u0442\u0440\u0438\u0440\u043e\u0432\u0430\u043d\u044b, \u043a\u0430\u043a \u043c\u0435\u0434\u0438\u0446\u0438\u043d\u0441\u043a\u0438\u0435 \u0440\u0430\u0431\u043e\u0442\u043d\u0438\u043a\u0438 \u0432 \u0440\u0435\u0435\u0441\u0442\u0440\u0435 \u043c\u0435\u0434\u0438\u0446\u0438\u043d\u0441\u043a\u0438\u0445 \u0440\u0430\u0431\u043e\u0442\u043d\u0438\u043a\u043e\u0432, \u0430 \u0444\u043e\u0440\u043c\u0430 \u0441\u043f\u0440\u0430\u0432\u043a\u0438 \u043e\u0431 \u043e\u043a\u0430\u0437\u0430\u043d\u0438\u0438 \u043f\u0435\u0440\u0432\u043e\u0439 \u043f\u043e\u043c\u043e\u0449\u0438 \u0443\u0442\u0432\u0435\u0440\u0436\u0434\u0435\u043d\u0430 \u041c\u0438\u043d\u0438\u0441\u0442\u0435\u0440\u0441\u0442\u0432\u043e\u043c \u0441\u043e\u0446\u0438\u0430\u043b\u044c\u043d\u044b\u0445 \u0434\u0435\u043b.<\/p>\n\t\t\t\t\t\t<\/div>\n\t\t\t\t<\/div>\n\t\t\t\t<\/div>\n\t\t\t\t\t<\/div>\n\t\t\t\t<\/div>\n\t\t<div class=\"elementor-element elementor-element-a8e9ec0 e-flex e-con-boxed e-con\" data-id=\"a8e9ec0\" data-element_type=\"container\" data-settings=\"{&quot;content_width&quot;:&quot;boxed&quot;}\">\n\t\t\t\t\t<div class=\"e-con-inner\">\n\t\t\t\t<div class=\"elementor-element elementor-element-a74198f elementor-widget elementor-widget-edubin-course-instructor-addons\" data-id=\"a74198f\" data-element_type=\"widget\" data-widget_type=\"edubin-course-instructor-addons.default\">\n\t\t\t\t<div class=\"elementor-widget-container\">\n\t\t\t        <div class=\"instructor-1\">\n            <div class=\"instructor-1-single\">\n\n                <div class=\"thum\">\n                                         <a href=\"#\">\n                                             <img decoding=\"async\" src=\"https:\/\/vitakoolitus.ee\/wp-content\/uploads\/2023\/01\/nts04082-redakt_resize.jpg\" title=\"NTS04082-\u0440\u0435\u0434\u0430\u043a\u0442_resize\" alt=\"NTS04082-\u0440\u0435\u0434\u0430\u043a\u0442_resize\" loading=\"lazy\" \/>                                        <\/a>\n                                    <\/div>\n                <div class=\"cont\">\n                                        <a href=\"#\">\n                                            <h5>Jelena Katueva <\/h5>\n                                        <\/a>\n                                                            <a href=\"#\">\n                                            <p>kiirabi-\u00f5de brigaadijuht, esmaabi ning liiklus teooria-ja s\u00f5idu\u00f5petaja. <\/p>\n                                        <\/a>\n                                        <span><i class=\"fas fa-book\"><\/i>5 kursused<\/span>\n                <\/div>\n            <\/div>\n        <\/div>\n\n\n       \n\t\t<\/div>\n\t\t\t\t<\/div>\n\t\t\t\t\t<\/div>\n\t\t\t\t<\/div>\n\t\t<div class=\"elementor-element elementor-element-19c1649 e-flex e-con-boxed e-con\" data-id=\"19c1649\" data-element_type=\"container\" data-settings=\"{&quot;content_width&quot;:&quot;boxed&quot;}\">\n\t\t\t\t\t<div class=\"e-con-inner\">\n\t\t<div class=\"elementor-element elementor-element-945b352 e-con-full e-flex e-con\" data-id=\"945b352\" data-element_type=\"container\" data-settings=\"{&quot;content_width&quot;:&quot;full&quot;}\">\n\t\t\t\t<div class=\"elementor-element elementor-element-3b9df0a elementor-widget elementor-widget-menu-anchor\" data-id=\"3b9df0a\" data-element_type=\"widget\" data-widget_type=\"menu-anchor.default\">\n\t\t\t\t<div class=\"elementor-widget-container\">\n\t\t\t\t\t<div id=\"\" class=\"elementor-menu-anchor\"><\/div>\n\t\t\t\t<\/div>\n\t\t\t\t<\/div>\n\t\t\t\t<div class=\"elementor-element elementor-element-fe45a25 edubin-title-align-left elementor-widget elementor-widget-section-title-addons\" data-id=\"fe45a25\" data-element_type=\"widget\" data-widget_type=\"section-title-addons.default\">\n\t\t\t\t<div class=\"elementor-widget-container\">\n\t\t\t            <div class=\"edubin-section-title edubin-subtitle-position- title-style-four\">\n                <h3 class=\"section-title-txt\">VARUSTUS<\/h3><div class=edubin-title-sperator-sec><span class=\"edubin-title-sperator\">&nbsp;<\/span><\/div>            <\/div>\n\n        \t\t<\/div>\n\t\t\t\t<\/div>\n\t\t\t\t<div class=\"elementor-element elementor-element-b1041fd elementor-icon-list--layout-traditional elementor-list-item-link-full_width elementor-widget elementor-widget-icon-list\" data-id=\"b1041fd\" data-element_type=\"widget\" data-widget_type=\"icon-list.default\">\n\t\t\t\t<div class=\"elementor-widget-container\">\n\t\t\t<link rel=\"stylesheet\" href=\"https:\/\/vitakoolitus.ee\/wp-content\/plugins\/elementor\/assets\/css\/widget-icon-list.min.css\">\t\t<ul class=\"elementor-icon-list-items\">\n\t\t\t\t\t\t\t<li class=\"elementor-icon-list-item\">\n\t\t\t\t\t\t\t\t\t\t\t<span class=\"elementor-icon-list-icon\">\n\t\t\t\t\t\t\t<i aria-hidden=\"true\" class=\"fas fa-check-circle\"><\/i>\t\t\t\t\t\t<\/span>\n\t\t\t\t\t\t\t\t\t\t<span class=\"elementor-icon-list-text\">Resustamne (\u0442\u0440\u0435\u043d\u0430\u0436\u0435\u0440 AED, \u0440\u0435\u0430\u043d\u0438\u043c\u0430\u0446\u0438\u043e\u043d\u043d\u044b\u0435 \u043c\u0430\u043d\u0435\u043a\u0435\u043d\u044b \u0441 \u0438\u043c\u0438\u0442\u0430\u0446\u0438\u0435\u0439 \u043a\u0440\u043e\u0432\u043e\u043e\u0431\u0440\u0430\u0449\u0435\u043d\u0438\u044f)<\/span>\n\t\t\t\t\t\t\t\t\t<\/li>\n\t\t\t\t\t\t\t\t<li class=\"elementor-icon-list-item\">\n\t\t\t\t\t\t\t\t\t\t\t<span class=\"elementor-icon-list-icon\">\n\t\t\t\t\t\t\t<i aria-hidden=\"true\" class=\"fas fa-check-circle\"><\/i>\t\t\t\t\t\t<\/span>\n\t\t\t\t\t\t\t\t\t\t<span class=\"elementor-icon-list-text\">\u041e\u0442\u043a\u0440\u044b\u0442\u0438\u0435 \u0434\u044b\u0445\u0430\u0442\u0435\u043b\u044c\u043d\u044b\u0445 \u043f\u0443\u0442\u0435\u0439 (\u043c\u0443\u043b\u044f\u0436)<\/span>\n\t\t\t\t\t\t\t\t\t<\/li>\n\t\t\t\t\t\t\t\t<li class=\"elementor-icon-list-item\">\n\t\t\t\t\t\t\t\t\t\t\t<span class=\"elementor-icon-list-icon\">\n\t\t\t\t\t\t\t<i aria-hidden=\"true\" class=\"fas fa-check-circle\"><\/i>\t\t\t\t\t\t<\/span>\n\t\t\t\t\t\t\t\t\t\t<span class=\"elementor-icon-list-text\">\u0418\u043d\u043e\u0440\u043e\u0434\u043d\u043e\u0435 \u0442\u0435\u043b\u043e \u0432 \u0434\u044b\u0445\u0430\u0442\u0435\u043b\u044c\u043d\u044b\u0445 \u043f\u0443\u0442\u044f\u0445 (\u043c\u0443\u043b\u044f\u0436)<\/span>\n\t\t\t\t\t\t\t\t\t<\/li>\n\t\t\t\t\t\t\t\t<li class=\"elementor-icon-list-item\">\n\t\t\t\t\t\t\t\t\t\t\t<span class=\"elementor-icon-list-icon\">\n\t\t\t\t\t\t\t<i aria-hidden=\"true\" class=\"fas fa-check-circle\"><\/i>\t\t\t\t\t\t<\/span>\n\t\t\t\t\t\t\t\t\t\t<span class=\"elementor-icon-list-text\">\u0418\u043d\u0441\u0442\u0440\u0443\u043c\u0435\u043d\u0442\u044b \u0434\u043b\u044f \u043b\u0435\u0447\u0435\u043d\u0438\u044f \u0442\u0440\u0430\u0432\u043c \u0438 \u043a\u0440\u043e\u0432\u043e\u0442\u0435\u0447\u0435\u043d\u0438\u0439 (\u0440\u0430\u043d\u0435\u0432\u044b\u0435 \u043c\u0443\u043b\u044f\u0436\u0438, \u0440\u0430\u0437\u043b\u0438\u0447\u043d\u044b\u0435 \u0440\u0430\u043d\u0435\u0432\u044b\u0435 \u043f\u043e\u0432\u044f\u0437\u043a\u0438, \u043e\u0445\u043b\u0430\u0436\u0434\u0430\u044e\u0449\u0438\u0435 \u0441\u043f\u0440\u0435\u0438 \u0438 \u043c\u0435\u0448\u043a\u0438, \u0448\u0438\u043d\u0430 \u043a\u043e\u043d\u0435\u0447\u043d\u043e\u0441\u0442\u0438, \u0442\u0440\u0435\u0443\u0433\u043e\u043b\u044c\u043d\u044b\u0439 \u0431\u0438\u043d\u0442, \u0436\u0433\u0443\u0442)<\/span>\n\t\t\t\t\t\t\t\t\t<\/li>\n\t\t\t\t\t\t\t\t<li class=\"elementor-icon-list-item\">\n\t\t\t\t\t\t\t\t\t\t\t<span class=\"elementor-icon-list-icon\">\n\t\t\t\t\t\t\t<i aria-hidden=\"true\" class=\"fas fa-check-circle\"><\/i>\t\t\t\t\t\t<\/span>\n\t\t\t\t\t\t\t\t\t\t<span class=\"elementor-icon-list-text\">\u0418\u043d\u0441\u0442\u0440\u0443\u043c\u0435\u043d\u0442\u044b \u0434\u043b\u044f \u0443\u0434\u0430\u043b\u0435\u043d\u0438\u044f \u043a\u043b\u0435\u0449\u0435\u0439 (\u043f\u0438\u043d\u0446\u0435\u0442)<\/span>\n\t\t\t\t\t\t\t\t\t<\/li>\n\t\t\t\t\t\t\t\t<li class=\"elementor-icon-list-item\">\n\t\t\t\t\t\t\t\t\t\t\t<span class=\"elementor-icon-list-icon\">\n\t\t\t\t\t\t\t<i aria-hidden=\"true\" class=\"fas fa-check-circle\"><\/i>\t\t\t\t\t\t<\/span>\n\t\t\t\t\t\t\t\t\t\t<span class=\"elementor-icon-list-text\">\u0414\u0435\u0437\u043e \u0438 \u0437\u0430\u0449\u0438\u0442\u043d\u043e\u0435 \u0441\u043d\u0430\u0440\u044f\u0436\u0435\u043d\u0438\u0435<\/span>\n\t\t\t\t\t\t\t\t\t<\/li>\n\t\t\t\t\t\t<\/ul>\n\t\t\t\t<\/div>\n\t\t\t\t<\/div>\n\t\t\t\t<\/div>\n\t\t<div class=\"elementor-element elementor-element-4b5b2d8 e-con-full e-flex e-con\" data-id=\"4b5b2d8\" data-element_type=\"container\" data-settings=\"{&quot;content_width&quot;:&quot;full&quot;}\">\n\t\t\t\t<div class=\"elementor-element elementor-element-9409d43 elementor-widget elementor-widget-image\" data-id=\"9409d43\" data-element_type=\"widget\" data-widget_type=\"image.default\">\n\t\t\t\t<div class=\"elementor-widget-container\">\n\t\t\t<style>\/*! elementor - v3.14.0 - 26-06-2023 *\/\n.elementor-widget-image{text-align:center}.elementor-widget-image a{display:inline-block}.elementor-widget-image a img[src$=\".svg\"]{width:48px}.elementor-widget-image img{vertical-align:middle;display:inline-block}<\/style>\t\t\t\t\t\t\t\t\t\t\t\t<img loading=\"lazy\" decoding=\"async\" width=\"525\" height=\"787\" src=\"https:\/\/vitakoolitus.ee\/wp-content\/uploads\/2023\/01\/nts03837_resize-683x1024.jpg\" class=\"attachment-large size-large wp-image-8852\" alt=\"\" srcset=\"https:\/\/vitakoolitus.ee\/wp-content\/uploads\/2023\/01\/nts03837_resize-683x1024.jpg 683w, https:\/\/vitakoolitus.ee\/wp-content\/uploads\/2023\/01\/nts03837_resize-200x300.jpg 200w, https:\/\/vitakoolitus.ee\/wp-content\/uploads\/2023\/01\/nts03837_resize-768x1151.jpg 768w, https:\/\/vitakoolitus.ee\/wp-content\/uploads\/2023\/01\/nts03837_resize-1025x1536.jpg 1025w, https:\/\/vitakoolitus.ee\/wp-content\/uploads\/2023\/01\/nts03837_resize-300x450.jpg 300w, https:\/\/vitakoolitus.ee\/wp-content\/uploads\/2023\/01\/nts03837_resize-600x899.jpg 600w, https:\/\/vitakoolitus.ee\/wp-content\/uploads\/2023\/01\/nts03837_resize.jpg 1281w\" sizes=\"auto, (max-width: 525px) 100vw, 525px\" \/>\t\t\t\t\t\t\t\t\t\t\t\t\t\t\t<\/div>\n\t\t\t\t<\/div>\n\t\t\t\t<\/div>\n\t\t\t\t\t<\/div>\n\t\t\t\t<\/div>\n\t\t\t\t\t\t\t<\/div>\n\t\t","protected":false},"excerpt":{"rendered":"<p>\u041d\u0410\u0428\u0418 \u0421\u041e\u0422\u0420\u0423\u0414\u041d\u0418\u041a\u0418 \u0421\u0432\u043e\u0438\u043c\u0438 \u0437\u043d\u0430\u043d\u0438\u044f\u043c\u0438 \u0438 \u043e\u043f\u044b\u0442\u043e\u043c \u0440\u0430\u0431\u043e\u0442\u044b \u0441 \u0432\u0430\u043c\u0438 \u043f\u043e\u0434\u0435\u043b\u044f\u0442\u0441\u044f \u043a\u0432\u0430\u043b\u0438\u0444\u0438\u0446\u0438\u0440\u043e\u0432\u0430\u043d\u043d\u044b\u0435 \u0441\u043f\u0435\u0446\u0438\u0430\u043b\u0438\u0441\u0442\u044b \u0441 \u0432\u044b\u0441\u0448\u0438\u043c \u043e\u0431\u0440\u0430\u0437\u043e\u0432\u0430\u043d\u0438\u0435\u043c, \u0438\u043c\u0435\u044e\u0449\u0438\u0435 \u0431\u043e\u043b\u044c\u0448\u043e\u0439 \u043e\u043f\u044b\u0442 \u0440\u0430\u0431\u043e\u0442\u044b \u0432 \u043e\u0431\u043b\u0430\u0441\u0442\u0438 \u043c\u0435\u0434\u0438\u0446\u0438\u043d\u044b \u043d\u0435\u043e\u0442\u043b\u043e\u0436\u043d\u044b\u0445 \u0441\u043e\u0441\u0442\u043e\u044f\u043d\u0438\u0439 \u0438 \u0438\u043c\u0435\u044e\u0449\u0438\u0435 \u043f\u0435\u0434\u0430\u0433\u043e\u0433\u0438\u0447\u0435\u0441\u043a\u0438\u0439 \u0438 \u0430\u043d\u0434\u0440\u0430\u0433\u043e\u0433\u0438\u0447\u0435\u0441\u043a\u0438\u0439 \u043e\u043f\u044b\u0442 \u043f\u0440\u0435\u043f\u043e\u0434\u0430\u0432\u0430\u043d\u0438\u044f. \u0423\u0447\u0438\u0442\u0435\u043b\u044f \u043f\u043e \u043e\u043a\u0430\u0437\u0430\u043d\u0438\u044e \u043f\u0435\u0440\u0432\u043e\u0439 \u043f\u043e\u043c\u043e\u0449\u0438 \u0437\u0430\u0440\u0435\u0433\u0438\u0441\u0442\u0440\u0438\u0440\u043e\u0432\u0430\u043d\u044b, \u043a\u0430\u043a \u043c\u0435\u0434\u0438\u0446\u0438\u043d\u0441\u043a\u0438\u0435 \u0440\u0430\u0431\u043e\u0442\u043d\u0438\u043a\u0438 \u0432 \u0440\u0435\u0435\u0441\u0442\u0440\u0435 \u043c\u0435\u0434\u0438\u0446\u0438\u043d\u0441\u043a\u0438\u0445 \u0440\u0430\u0431\u043e\u0442\u043d\u0438\u043a\u043e\u0432, \u0430 [&hellip;]<\/p>\n","protected":false},"author":1,"featured_media":0,"parent":0,"menu_order":0,"comment_status":"closed","ping_status":"closed","template":"","meta":{"footnotes":""},"class_list":["post-8868","page","type-page","status-publish","hentry"],"_links":{"self":[{"href":"https:\/\/vitakoolitus.ee\/ru\/wp-json\/wp\/v2\/pages\/8868","targetHints":{"allow":["GET"]}}],"collection":[{"href":"https:\/\/vitakoolitus.ee\/ru\/wp-json\/wp\/v2\/pages"}],"about":[{"href":"https:\/\/vitakoolitus.ee\/ru\/wp-json\/wp\/v2\/types\/page"}],"author":[{"embeddable":true,"href":"https:\/\/vitakoolitus.ee\/ru\/wp-json\/wp\/v2\/users\/1"}],"replies":[{"embeddable":true,"href":"https:\/\/vitakoolitus.ee\/ru\/wp-json\/wp\/v2\/comments?post=8868"}],"version-history":[{"count":12,"href":"https:\/\/vitakoolitus.ee\/ru\/wp-json\/wp\/v2\/pages\/8868\/revisions"}],"predecessor-version":[{"id":8947,"href":"https:\/\/vitakoolitus.ee\/ru\/wp-json\/wp\/v2\/pages\/8868\/revisions\/8947"}],"wp:attachment":[{"href":"https:\/\/vitakoolitus.ee\/ru\/wp-json\/wp\/v2\/media?parent=8868"}],"curies":[{"name":"wp","href":"https:\/\/api.w.org\/{rel}","templated":true}]}}